{"id":36788,"date":"2021-06-09T13:39:21","date_gmt":"2021-06-09T11:39:21","guid":{"rendered":"https:\/\/main.pl\/disaster-recovery-center-3\/"},"modified":"2021-06-09T13:39:21","modified_gmt":"2021-06-09T11:39:21","slug":"disaster-recovery-center-3","status":"publish","type":"page","link":"https:\/\/test3.medsar.eu\/en\/disaster-recovery-center-3\/","title":{"rendered":"Disaster Recovery Center"},"content":{"rendered":"","protected":false},"excerpt":{"rendered":"","protected":false},"author":4,"featured_media":0,"parent":0,"menu_order":16,"comment_status":"closed","ping_status":"closed","template":"templates\/template-elastic-content.php","meta":{"footnotes":""},"class_list":["post-36788","page","type-page","status-publish","hentry"],"acf":[],"yoast_head":"<!-- This site is optimized with the Yoast SEO plugin v23.8 - https:\/\/yoast.com\/wordpress\/plugins\/seo\/ -->\n<title>Disaster Recovery Center | MAIN - Warsaw<\/title>\n<meta name=\"description\" content=\"Disaster Recovery Center (DRC) is a category of services dedicated to securing your data and IT systems. Get a free quote.\" \/>\n<meta name=\"robots\" content=\"index, follow, max-snippet:-1, max-image-preview:large, max-video-preview:-1\" \/>\n<link rel=\"canonical\" href=\"https:\/\/test3.medsar.eu\/en\/disaster-recovery-center-3\/\" \/>\n<meta property=\"og:locale\" content=\"en_US\" \/>\n<meta property=\"og:type\" content=\"article\" \/>\n<meta property=\"og:title\" content=\"Czym jest Disaster Recovery Center?\" \/>\n<meta property=\"og:description\" content=\"Disaster Recovery Center (DRC) to us\u0142ugi Zapasowego Centrum Danych, w kt\u00f3rym mo\u017cesz ulokowa\u0107 swoje dane i systemy IT. Stanowi\u0105 one kluczowy element zapewnienia business continuity, czyli ci\u0105g\u0142o\u015bci dzia\u0142ania w razie awarii.\" \/>\n<meta property=\"og:url\" content=\"https:\/\/test3.medsar.eu\/en\/disaster-recovery-center-3\/\" \/>\n<meta property=\"og:site_name\" content=\"MAIN\" \/>\n<meta property=\"og:image\" content=\"https:\/\/main.pl\/wp-content\/uploads\/2021\/06\/Disaster-Recovery-odzyskiwanie-danych-po-awarii.jpg\" \/>\n\t<meta property=\"og:image:width\" content=\"940\" \/>\n\t<meta property=\"og:image:height\" content=\"672\" \/>\n\t<meta property=\"og:image:type\" content=\"image\/jpeg\" \/>\n<meta name=\"twitter:card\" content=\"summary_large_image\" \/>\n<meta name=\"twitter:title\" content=\"Czym jest Disaster Recovery Center?\" \/>\n<meta name=\"twitter:description\" content=\"Disaster Recovery Center (DRC) to us\u0142ugi Zapasowego Centrum Danych, w kt\u00f3rym mo\u017cesz ulokowa\u0107 swoje dane i systemy IT. Stanowi\u0105 one kluczowy element zapewnienia business continuity, czyli ci\u0105g\u0142o\u015bci dzia\u0142ania w razie awarii.\" \/>\n<meta name=\"twitter:image\" content=\"https:\/\/test3.medsar.eu\/wp-content\/uploads\/2021\/06\/Disaster-Recovery-odzyskiwanie-danych-po-awarii.jpg\" \/>\n<script type=\"application\/ld+json\" class=\"yoast-schema-graph\">{\"@context\":\"https:\/\/schema.org\",\"@graph\":[{\"@type\":\"WebPage\",\"@id\":\"https:\/\/test3.medsar.eu\/en\/disaster-recovery-center-3\/\",\"url\":\"https:\/\/test3.medsar.eu\/en\/disaster-recovery-center-3\/\",\"name\":\"Disaster Recovery Center | MAIN - Warsaw\",\"isPartOf\":{\"@id\":\"https:\/\/main.pl\/en\/#website\"},\"datePublished\":\"2021-06-09T11:39:21+00:00\",\"dateModified\":\"2021-06-09T11:39:21+00:00\",\"description\":\"Disaster Recovery Center (DRC) is a category of services dedicated to securing your data and IT systems. Get a free quote.\",\"breadcrumb\":{\"@id\":\"https:\/\/test3.medsar.eu\/en\/disaster-recovery-center-3\/#breadcrumb\"},\"inLanguage\":\"en-US\",\"potentialAction\":[{\"@type\":\"ReadAction\",\"target\":[\"https:\/\/test3.medsar.eu\/en\/disaster-recovery-center-3\/\"]}]},{\"@type\":\"BreadcrumbList\",\"@id\":\"https:\/\/test3.medsar.eu\/en\/disaster-recovery-center-3\/#breadcrumb\",\"itemListElement\":[{\"@type\":\"ListItem\",\"position\":1,\"name\":\"Strona g\u0142\u00f3wna\",\"item\":\"https:\/\/main.pl\/en\/\"},{\"@type\":\"ListItem\",\"position\":2,\"name\":\"Disaster Recovery Center\"}]},{\"@type\":\"WebSite\",\"@id\":\"https:\/\/main.pl\/en\/#website\",\"url\":\"https:\/\/main.pl\/en\/\",\"name\":\"MAIN - Data Center - Warszawa\",\"description\":\"Us\u0142ugi Private Cloud w oparciu o w\u0142asne Data Center\",\"potentialAction\":[{\"@type\":\"SearchAction\",\"target\":{\"@type\":\"EntryPoint\",\"urlTemplate\":\"https:\/\/main.pl\/en\/?s={search_term_string}\"},\"query-input\":{\"@type\":\"PropertyValueSpecification\",\"valueRequired\":true,\"valueName\":\"search_term_string\"}}],\"inLanguage\":\"en-US\"}]}<\/script>\n<!-- \/ Yoast SEO plugin. -->","yoast_head_json":{"title":"Disaster Recovery Center | MAIN - Warsaw","description":"Disaster Recovery Center (DRC) is a category of services dedicated to securing your data and IT systems. Get a free quote.","robots":{"index":"index","follow":"follow","max-snippet":"max-snippet:-1","max-image-preview":"max-image-preview:large","max-video-preview":"max-video-preview:-1"},"canonical":"https:\/\/test3.medsar.eu\/en\/disaster-recovery-center-3\/","og_locale":"en_US","og_type":"article","og_title":"Czym jest Disaster Recovery Center?","og_description":"Disaster Recovery Center (DRC) to us\u0142ugi Zapasowego Centrum Danych, w kt\u00f3rym mo\u017cesz ulokowa\u0107 swoje dane i systemy IT. Stanowi\u0105 one kluczowy element zapewnienia business continuity, czyli ci\u0105g\u0142o\u015bci dzia\u0142ania w razie awarii.","og_url":"https:\/\/test3.medsar.eu\/en\/disaster-recovery-center-3\/","og_site_name":"MAIN","og_image":[{"width":940,"height":672,"url":"https:\/\/main.pl\/wp-content\/uploads\/2021\/06\/Disaster-Recovery-odzyskiwanie-danych-po-awarii.jpg","type":"image\/jpeg"}],"twitter_card":"summary_large_image","twitter_title":"Czym jest Disaster Recovery Center?","twitter_description":"Disaster Recovery Center (DRC) to us\u0142ugi Zapasowego Centrum Danych, w kt\u00f3rym mo\u017cesz ulokowa\u0107 swoje dane i systemy IT. Stanowi\u0105 one kluczowy element zapewnienia business continuity, czyli ci\u0105g\u0142o\u015bci dzia\u0142ania w razie awarii.","twitter_image":"https:\/\/test3.medsar.eu\/wp-content\/uploads\/2021\/06\/Disaster-Recovery-odzyskiwanie-danych-po-awarii.jpg","schema":{"@context":"https:\/\/schema.org","@graph":[{"@type":"WebPage","@id":"https:\/\/test3.medsar.eu\/en\/disaster-recovery-center-3\/","url":"https:\/\/test3.medsar.eu\/en\/disaster-recovery-center-3\/","name":"Disaster Recovery Center | MAIN - Warsaw","isPartOf":{"@id":"https:\/\/main.pl\/en\/#website"},"datePublished":"2021-06-09T11:39:21+00:00","dateModified":"2021-06-09T11:39:21+00:00","description":"Disaster Recovery Center (DRC) is a category of services dedicated to securing your data and IT systems. Get a free quote.","breadcrumb":{"@id":"https:\/\/test3.medsar.eu\/en\/disaster-recovery-center-3\/#breadcrumb"},"inLanguage":"en-US","potentialAction":[{"@type":"ReadAction","target":["https:\/\/test3.medsar.eu\/en\/disaster-recovery-center-3\/"]}]},{"@type":"BreadcrumbList","@id":"https:\/\/test3.medsar.eu\/en\/disaster-recovery-center-3\/#breadcrumb","itemListElement":[{"@type":"ListItem","position":1,"name":"Strona g\u0142\u00f3wna","item":"https:\/\/main.pl\/en\/"},{"@type":"ListItem","position":2,"name":"Disaster Recovery Center"}]},{"@type":"WebSite","@id":"https:\/\/main.pl\/en\/#website","url":"https:\/\/main.pl\/en\/","name":"MAIN - Data Center - Warszawa","description":"Us\u0142ugi Private Cloud w oparciu o w\u0142asne Data Center","potentialAction":[{"@type":"SearchAction","target":{"@type":"EntryPoint","urlTemplate":"https:\/\/main.pl\/en\/?s={search_term_string}"},"query-input":{"@type":"PropertyValueSpecification","valueRequired":true,"valueName":"search_term_string"}}],"inLanguage":"en-US"}]}},"_links":{"self":[{"href":"https:\/\/test3.medsar.eu\/en\/wp-json\/wp\/v2\/pages\/36788","targetHints":{"allow":["GET"]}}],"collection":[{"href":"https:\/\/test3.medsar.eu\/en\/wp-json\/wp\/v2\/pages"}],"about":[{"href":"https:\/\/test3.medsar.eu\/en\/wp-json\/wp\/v2\/types\/page"}],"author":[{"embeddable":true,"href":"https:\/\/test3.medsar.eu\/en\/wp-json\/wp\/v2\/users\/4"}],"replies":[{"embeddable":true,"href":"https:\/\/test3.medsar.eu\/en\/wp-json\/wp\/v2\/comments?post=36788"}],"version-history":[{"count":0,"href":"https:\/\/test3.medsar.eu\/en\/wp-json\/wp\/v2\/pages\/36788\/revisions"}],"wp:attachment":[{"href":"https:\/\/test3.medsar.eu\/en\/wp-json\/wp\/v2\/media?parent=36788"}],"curies":[{"name":"wp","href":"https:\/\/api.w.org\/{rel}","templated":true}]}}